{"id":125,"date":"2024-06-20T19:16:46","date_gmt":"2024-06-20T19:16:46","guid":{"rendered":"https:\/\/pequetour.com\/?page_id=125"},"modified":"2026-02-21T22:54:51","modified_gmt":"2026-02-21T22:54:51","slug":"125-2","status":"publish","type":"page","link":"https:\/\/pequetour.com\/","title":{"rendered":"Inicio"},"content":{"rendered":"<p>[et_pb_section fb_built=&#8221;1&#8243; admin_label=&#8221;Header&#8221; _builder_version=&#8221;4.25.2&#8243; _module_preset=&#8221;default&#8221; background_enable_image=&#8221;off&#8221; background_video_mp4=&#8221;http:\/\/pequetour.com\/wp-content\/uploads\/2024\/06\/PequeTour-RM-4.mp4&#8243; custom_margin=&#8221;||||false|false&#8221; custom_padding=&#8221;||0px||false|false&#8221; background_last_edited=&#8221;off|phone&#8221; background_enable_image_tablet=&#8221;off&#8221; background_size_tablet=&#8221;cover&#8221; background_size_phone=&#8221;cover&#8221; global_colors_info=&#8221;{}&#8221; custom_margin__hover_enabled=&#8221;off|desktop&#8221;][et_pb_row _builder_version=&#8221;4.16&#8243; _module_preset=&#8221;default&#8221; position_origin_a=&#8221;bottom_center&#8221; width=&#8221;100%&#8221; max_width=&#8221;none&#8221; custom_margin=&#8221;||||false|false&#8221; custom_padding=&#8221;672px||672px||true|false&#8221; locked=&#8221;off&#8221; global_colors_info=&#8221;{}&#8221;][et_pb_column type=&#8221;4_4&#8243; _builder_version=&#8221;4.16&#8243; _module_preset=&#8221;default&#8221; custom_padding=&#8221;||0px||false|false&#8221; global_colors_info=&#8221;{}&#8221;][\/et_pb_column][\/et_pb_row][\/et_pb_section][et_pb_section fb_built=&#8221;1&#8243; admin_label=&#8221;About&#8221; _builder_version=&#8221;4.25.2&#8243; _module_preset=&#8221;default&#8221; background_color=&#8221;#EDF000&#8243; background_image=&#8221;http:\/\/pequetour.com\/wp-content\/uploads\/2024\/06\/bushcraft-illustration_Artboard-16.png&#8221; custom_margin=&#8221;-41px|||||&#8221; custom_padding=&#8221;5vw||||false|false&#8221; global_colors_info=&#8221;{}&#8221;][et_pb_row column_structure=&#8221;1_2,1_2&#8243; _builder_version=&#8221;4.16&#8243; _module_preset=&#8221;default&#8221; global_colors_info=&#8221;{}&#8221;][et_pb_column type=&#8221;1_2&#8243; _builder_version=&#8221;4.16&#8243; _module_preset=&#8221;default&#8221; global_colors_info=&#8221;{}&#8221;][et_pb_text _builder_version=&#8221;4.25.2&#8243; _module_preset=&#8221;83d94e9b-bff8-4c15-9e33-e7b1a7a21887&#8243; header_2_font=&#8221;Josefin Sans|600|||||||&#8221; header_2_text_color=&#8221;#de6b00&#8243; header_2_font_size=&#8221;48px&#8221; header_2_letter_spacing=&#8221;-1px&#8221; header_2_line_height=&#8221;1.2em&#8221; header_2_font_size_tablet=&#8221;32px&#8221; header_2_font_size_phone=&#8221;20px&#8221; header_2_font_size_last_edited=&#8221;on|phone&#8221; locked=&#8221;off&#8221; inline_fonts=&#8221;Kranky&#8221; global_colors_info=&#8221;{}&#8221;]<\/p>\n<h2><span style=\"color: #ce009a; font-family: Kranky; font-weight: normal;\">Primera Gu\u00eda Tur\u00edstica infantil<\/span><\/h2>\n<p>[\/et_pb_text][et_pb_image src=&#8221;http:\/\/pequetour.com\/wp-content\/uploads\/2022\/12\/divider.png&#8221; title_text=&#8221;divider&#8221; _builder_version=&#8221;4.16&#8243; _module_preset=&#8221;default&#8221; global_colors_info=&#8221;{}&#8221;][\/et_pb_image][et_pb_text _builder_version=&#8221;4.25.2&#8243; _module_preset=&#8221;102bef9d-a6b9-41f0-af77-1ed5b7bd0593&#8243; text_font=&#8221;Newsreader||||||||&#8221; text_text_color=&#8221;#666666&#8243; text_font_size=&#8221;16px&#8221; text_line_height=&#8221;1.8em&#8221; text_font_size_tablet=&#8221;15px&#8221; text_font_size_phone=&#8221;14px&#8221; text_font_size_last_edited=&#8221;on|desktop&#8221; locked=&#8221;off&#8221; global_colors_info=&#8221;{}&#8221;]<\/p>\n<h2><span class=\"OYPEnA text-decoration-none text-strikethrough-none\" style=\"color: #339966;\">Pequetour es un proyecto tur\u00edstico cultural, que busca acercar los relatos orales de lugares caracter\u00edsticos de la regi\u00f3n metropolitana enfocado a ni\u00f1os entre 4 a 12 a\u00f1os buscando promover y fomentar mediante el valor del patrimonio cultural-social la historia local de manera l\u00fadica y cercana a los nuevos lenguajes de las generaciones m\u00e1s peque\u00f1as, como motor de promoci\u00f3n del desarrollo cognitivo y cultural en la etapa infanto-juvenil.<\/span><\/h2>\n<p><span class=\"OYPEnA text-decoration-none text-strikethrough-none\" style=\"color: #0029b2;\"><\/span><\/p>\n<p>[\/et_pb_text][\/et_pb_column][et_pb_column type=&#8221;1_2&#8243; _builder_version=&#8221;4.16&#8243; _module_preset=&#8221;default&#8221; global_colors_info=&#8221;{}&#8221;][et_pb_image src=&#8221;http:\/\/pequetour.com\/wp-content\/uploads\/2024\/06\/PequeTour-RM-8.png&#8221; title_text=&#8221;PequeTour RM (8)&#8221; align=&#8221;right&#8221; _builder_version=&#8221;4.25.2&#8243; _module_preset=&#8221;default&#8221; width=&#8221;100%&#8221; custom_margin=&#8221;-40%|-8vw|||false|false&#8221; custom_margin_tablet=&#8221;0px|0vw|||false|false&#8221; custom_margin_phone=&#8221;&#8221; custom_margin_last_edited=&#8221;on|tablet&#8221; global_colors_info=&#8221;{}&#8221;][\/et_pb_image][et_pb_image src=&#8221;http:\/\/pequetour.com\/wp-content\/uploads\/2024\/06\/PequeTour-RM-4.png&#8221; title_text=&#8221;PequeTour RM (4)&#8221; _builder_version=&#8221;4.25.2&#8243; _module_preset=&#8221;default&#8221; global_colors_info=&#8221;{}&#8221;][\/et_pb_image][\/et_pb_column][\/et_pb_row][\/et_pb_section][et_pb_section fb_built=&#8221;1&#8243; admin_label=&#8221;About&#8221; _builder_version=&#8221;4.25.2&#8243; _module_preset=&#8221;default&#8221; background_color=&#8221;#fffdf7&#8243; width=&#8221;100%&#8221; min_height=&#8221;169px&#8221; height=&#8221;329px&#8221; max_height=&#8221;629px&#8221; custom_margin=&#8221;-2px||||false|false&#8221; custom_padding=&#8221;0vw||0px||false|false&#8221; global_colors_info=&#8221;{}&#8221;][et_pb_row _builder_version=&#8221;4.25.2&#8243; _module_preset=&#8221;default&#8221; global_colors_info=&#8221;{}&#8221;][et_pb_column type=&#8221;4_4&#8243; _builder_version=&#8221;4.25.2&#8243; _module_preset=&#8221;default&#8221; global_colors_info=&#8221;{}&#8221;][et_pb_image src=&#8221;http:\/\/pequetour.com\/wp-content\/uploads\/2024\/06\/Pequetour-es-un-proyecto-turistico-cultural-que-busca-acercar-los-relatos-orales-de-lugares-caracteristicos-de-la-region-metropolitana-enfocado-a-ninos-entre-5-a-12-anos-buscando-promover-y-fomen-1.png&#8221; title_text=&#8221;Pequetour es un proyecto tur\u00edstico cultural, que busca acercar los relatos orales de lugares caracter\u00edsticos de la regi\u00f3n metropolitana enfocado a ni\u00f1os entre 5 a 12 a\u00f1os buscando promover y fomen (1)&#8221; _builder_version=&#8221;4.25.2&#8243; _module_preset=&#8221;default&#8221; global_colors_info=&#8221;{}&#8221;][\/et_pb_image][\/et_pb_column][\/et_pb_row][\/et_pb_section][et_pb_section fb_built=&#8221;1&#8243; admin_label=&#8221;Footer&#8221; _builder_version=&#8221;4.25.2&#8243; _module_preset=&#8221;default&#8221; background_color=&#8221;#666b4e&#8221; background_image=&#8221;http:\/\/pequetour.com\/wp-content\/uploads\/2024\/06\/PequeTour-RM-9.png&#8221; min_height=&#8221;508.6px&#8221; custom_padding=&#8221;0px||5vw||false|false&#8221; saved_tabs=&#8221;all&#8221; locked=&#8221;off&#8221; global_colors_info=&#8221;{}&#8221;][et_pb_row _builder_version=&#8221;4.16&#8243; _module_preset=&#8221;default&#8221; width=&#8221;100%&#8221; max_width=&#8221;none&#8221; custom_padding=&#8221;0px||||false|false&#8221; locked=&#8221;off&#8221; global_colors_info=&#8221;{}&#8221;][et_pb_column type=&#8221;4_4&#8243; _builder_version=&#8221;4.16&#8243; _module_preset=&#8221;default&#8221; global_colors_info=&#8221;{}&#8221;][et_pb_image src=&#8221;http:\/\/pequetour.com\/wp-content\/uploads\/2022\/12\/bushcraft-30.png&#8221; title_text=&#8221;bushcraft-30&#8243; _builder_version=&#8221;4.16&#8243; _module_preset=&#8221;default&#8221; min_height=&#8221;208.6px&#8221; custom_margin=&#8221;-45px|||||&#8221; global_colors_info=&#8221;{}&#8221;][\/et_pb_image][\/et_pb_column][\/et_pb_row][et_pb_row column_structure=&#8221;1_2,1_2&#8243; use_custom_gutter=&#8221;on&#8221; gutter_width=&#8221;2&#8243; make_equal=&#8221;on&#8221; _builder_version=&#8221;4.25.2&#8243; _module_preset=&#8221;default&#8221; custom_margin=&#8221;||||false|false&#8221; global_colors_info=&#8221;{}&#8221;][et_pb_column type=&#8221;1_2&#8243; _builder_version=&#8221;4.25.2&#8243; _module_preset=&#8221;default&#8221; background_color=&#8221;#f3ede2&#8243; custom_padding=&#8221;40px|20px|40px|20px|false|true&#8221; custom_padding_tablet=&#8221;30px|30px|30px|30px|true|true&#8221; custom_padding_last_edited=&#8221;off|tablet&#8221; global_colors_info=&#8221;{}&#8221;][et_pb_text _builder_version=&#8221;4.25.2&#8243; _module_preset=&#8221;c34dec4a-f76d-4c50-bb7e-b3aa21f11d19&#8243; header_4_font=&#8221;Josefin Sans|600|||||||&#8221; header_4_text_color=&#8221;#202020&#8243; header_4_font_size=&#8221;24px&#8221; header_4_line_height=&#8221;1.5em&#8221; custom_margin=&#8221;||0px||false|false&#8221; header_4_font_size_tablet=&#8221;16px&#8221; header_4_font_size_phone=&#8221;14px&#8221; header_4_font_size_last_edited=&#8221;on|tablet&#8221; locked=&#8221;off&#8221; global_colors_info=&#8221;{}&#8221;]<\/p>\n<h4>S\u00edguenos<\/h4>\n<p>[\/et_pb_text][et_pb_social_media_follow _builder_version=&#8221;4.27.4&#8243; _module_preset=&#8221;default&#8221; hover_enabled=&#8221;0&#8243; border_radii=&#8221;on|0px|0px|0px|0px&#8221; global_colors_info=&#8221;{}&#8221; sticky_enabled=&#8221;0&#8243;][et_pb_social_media_follow_network social_network=&#8221;youtube&#8221; _builder_version=&#8221;4.27.4&#8243; _module_preset=&#8221;default&#8221; background_color=&#8221;#a82400&#8243; hover_enabled=&#8221;0&#8243; global_colors_info=&#8221;{}&#8221; follow_button=&#8221;off&#8221; url_new_window=&#8221;on&#8221; url=&#8221;https:\/\/www.youtube.com\/@Pequetour&#8221; sticky_enabled=&#8221;0&#8243;]youtube[\/et_pb_social_media_follow_network][\/et_pb_social_media_follow][\/et_pb_column][et_pb_column type=&#8221;1_2&#8243; _builder_version=&#8221;4.16&#8243; _module_preset=&#8221;default&#8221; background_color=&#8221;#f3ede2&#8243; custom_padding=&#8221;40px|20px|40px|20px|false|true&#8221; global_colors_info=&#8221;{}&#8221;][et_pb_text _builder_version=&#8221;4.25.2&#8243; _module_preset=&#8221;c34dec4a-f76d-4c50-bb7e-b3aa21f11d19&#8243; header_4_font=&#8221;Josefin Sans|600|||||||&#8221; header_4_text_color=&#8221;#202020&#8243; header_4_font_size=&#8221;24px&#8221; header_4_line_height=&#8221;1.5em&#8221; custom_margin=&#8221;||0px||false|false&#8221; header_4_font_size_tablet=&#8221;16px&#8221; header_4_font_size_phone=&#8221;14px&#8221; header_4_font_size_last_edited=&#8221;on|tablet&#8221; locked=&#8221;off&#8221; global_colors_info=&#8221;{}&#8221;]<\/p>\n<h4>Contacto<\/h4>\n<p>[\/et_pb_text][et_pb_text _builder_version=&#8221;4.25.2&#8243; _module_preset=&#8221;102bef9d-a6b9-41f0-af77-1ed5b7bd0593&#8243; text_font=&#8221;Newsreader||||||||&#8221; text_text_color=&#8221;#666666&#8243; text_font_size=&#8221;16px&#8221; text_line_height=&#8221;1.8em&#8221; link_font=&#8221;Newsreader||||||||&#8221; link_text_color=&#8221;#7b7b7b&#8221; link_font_size=&#8221;16px&#8221; link_line_height=&#8221;1.3em&#8221; text_font_size_tablet=&#8221;15px&#8221; text_font_size_phone=&#8221;14px&#8221; text_font_size_last_edited=&#8221;on|desktop&#8221; locked=&#8221;off&#8221; global_colors_info=&#8221;{}&#8221;]<\/p>\n<p>contacto@pequetour.com<\/p>\n<p>[\/et_pb_text][\/et_pb_column][\/et_pb_row][\/et_pb_section]<\/p>\n","protected":false},"excerpt":{"rendered":"<p>Primera Gu\u00eda Tur\u00edstica infantilPequetour es un proyecto tur\u00edstico cultural, que busca acercar los relatos orales de lugares caracter\u00edsticos de la regi\u00f3n metropolitana enfocado a ni\u00f1os entre 4 a 12 a\u00f1os buscando promover y fomentar mediante el valor del patrimonio cultural-social la historia local de manera l\u00fadica y cercana a los nuevos lenguajes de las generaciones [&hellip;]<\/p>\n","protected":false},"author":1,"featured_media":0,"parent":0,"menu_order":0,"comment_status":"closed","ping_status":"closed","template":"","meta":{"_et_pb_use_builder":"on","_et_pb_old_content":"","_et_gb_content_width":"","footnotes":""},"class_list":["post-125","page","type-page","status-publish","hentry"],"aioseo_notices":[],"_links":{"self":[{"href":"https:\/\/pequetour.com\/index.php\/wp-json\/wp\/v2\/pages\/125","targetHints":{"allow":["GET"]}}],"collection":[{"href":"https:\/\/pequetour.com\/index.php\/wp-json\/wp\/v2\/pages"}],"about":[{"href":"https:\/\/pequetour.com\/index.php\/wp-json\/wp\/v2\/types\/page"}],"author":[{"embeddable":true,"href":"https:\/\/pequetour.com\/index.php\/wp-json\/wp\/v2\/users\/1"}],"replies":[{"embeddable":true,"href":"https:\/\/pequetour.com\/index.php\/wp-json\/wp\/v2\/comments?post=125"}],"version-history":[{"count":8,"href":"https:\/\/pequetour.com\/index.php\/wp-json\/wp\/v2\/pages\/125\/revisions"}],"predecessor-version":[{"id":219,"href":"https:\/\/pequetour.com\/index.php\/wp-json\/wp\/v2\/pages\/125\/revisions\/219"}],"wp:attachment":[{"href":"https:\/\/pequetour.com\/index.php\/wp-json\/wp\/v2\/media?parent=125"}],"curies":[{"name":"wp","href":"https:\/\/api.w.org\/{rel}","templated":true}]}}